{"id":4574,"date":"2024-01-24T17:16:42","date_gmt":"2024-01-24T17:16:42","guid":{"rendered":"https:\/\/admirainteriors.com\/politica-privacidad\/"},"modified":"2024-04-04T12:04:54","modified_gmt":"2024-04-04T12:04:54","slug":"politica-privacitat","status":"publish","type":"page","link":"https:\/\/admirainteriors.com\/ca\/politica-privacitat\/","title":{"rendered":"Pol\u00edtica de Privacitat"},"content":{"rendered":"<div class=\"fusion-fullwidth fullwidth-box fusion-builder-row-1 fusion-flex-container has-pattern-background has-mask-background nonhundred-percent-fullwidth non-hundred-percent-height-scrolling\" style=\"--awb-border-radius-top-left:0px;--awb-border-radius-top-right:0px;--awb-border-radius-bottom-right:0px;--awb-border-radius-bottom-left:0px;--awb-flex-wrap:wrap;\" ><div class=\"fusion-builder-row fusion-row fusion-flex-align-items-flex-start fusion-flex-content-wrap\" style=\"max-width:1248px;margin-left: calc(-4% \/ 2 );margin-right: calc(-4% \/ 2 );\"><div class=\"fusion-layout-column fusion_builder_column fusion-builder-column-0 fusion_builder_column_1_1 1_1 fusion-flex-column\" style=\"--awb-bg-size:cover;--awb-width-large:100%;--awb-margin-top-large:0px;--awb-spacing-right-large:1.92%;--awb-margin-bottom-large:20px;--awb-spacing-left-large:1.92%;--awb-width-medium:100%;--awb-order-medium:0;--awb-spacing-right-medium:1.92%;--awb-spacing-left-medium:1.92%;--awb-width-small:100%;--awb-order-small:0;--awb-spacing-right-small:1.92%;--awb-spacing-left-small:1.92%;\"><div class=\"fusion-column-wrapper fusion-column-has-shadow fusion-flex-justify-content-flex-start fusion-content-layout-column\"><div class=\"fusion-text fusion-text-1\"><div>\n<div>\n<h2 style=\"text-align: center;\"><span style=\"vertical-align: inherit;\"><span style=\"vertical-align: inherit;\">POL\u00cdTICA DE PRIVACITAT<\/span><\/span><\/h2>\n<\/div>\n<div>\n<p><span style=\"vertical-align: inherit;\"><span style=\"vertical-align: inherit;\">En compliment del Cap\u00edtol II de la llei 34\/2002, LSSICE, us informem que la present p\u00e0gina web \u00e9s propietat d&#8217; <\/span><\/span><b><u><span style=\"vertical-align: inherit;\"><span style=\"vertical-align: inherit;\">ADMIRA INTERIORS<\/span><\/span><\/u><\/b><span style=\"vertical-align: inherit;\"><span style=\"vertical-align: inherit;\"> , d&#8217;ara endavant tamb\u00e9 el Prestador, domiciliada a <\/span><\/span><b><u><span style=\"vertical-align: inherit;\"><span style=\"vertical-align: inherit;\">CARRER ELS TIL\u00b7LERS, 24. 25180, LLEIDA<\/span><\/span><\/u><\/b><span style=\"vertical-align: inherit;\"><span style=\"vertical-align: inherit;\"> , amb CIF <\/span><\/span><b><u><span style=\"vertical-align: inherit;\"><span style=\"vertical-align: inherit;\">47677577A<\/span><\/span><\/u><\/b><span style=\"vertical-align: inherit;\"><span style=\"vertical-align: inherit;\"> , tel\u00e8fon de contacte: <\/span><\/span><b><u><span style=\"vertical-align: inherit;\"><span style=\"vertical-align: inherit;\">670095449<\/span><\/span><\/u><\/b><span style=\"vertical-align: inherit;\"><span style=\"vertical-align: inherit;\"> , i email: <\/span><\/span><b><u><span style=\"vertical-align: inherit;\"><span style=\"vertical-align: inherit;\">hola@admirainteriors.com<\/span><\/span><\/u><\/b><span style=\"vertical-align: inherit;\"><span style=\"vertical-align: inherit;\"> .<\/span><\/span><\/p>\n<p><b><u><span style=\"vertical-align: inherit;\"><span style=\"vertical-align: inherit;\">ADMIRA INTERIORS<\/span><\/span><\/u><\/b><span style=\"vertical-align: inherit;\"><span style=\"vertical-align: inherit;\"> ., com a responsable del present Lloc Web i de conformitat amb el que disposa la normativa vigent en mat\u00e8ria de protecci\u00f3 de dades personals, el Reglament (UE) 2016\/679 de 27 d&#8217;abril de 2016 (RGPD) relatiu a la protecci\u00f3 de les persones f\u00edsiques pel que fa al tractament de dades personals ia la lliure circulaci\u00f3 d&#8217;aquestes dades, la Llei Org\u00e0nica 15\/1999, del 13 de desembre, de Protecci\u00f3 de Dades de Car\u00e0cter Personal (LOPD) i per la Llei 34\/2002 , de 11 de juliol, de Serveis de la Societat de la Informaci\u00f3 i del Comer\u00e7 Electr\u00f2nic (LSSICE), t\u00e9 implementades totes les mesures de seguretat, d&#8217;\u00edndole t\u00e8cnica i organitzatives, establertes al Reial Decret 1720\/2007 de 21 de Desembre, ( que desenvolupa la LOPD) per garantir i protegir la confidencialitat, integritat i disponibilitat de les dades introdu\u00efdes.<\/span><\/span><br \/>\n<span style=\"vertical-align: inherit;\"><span style=\"vertical-align: inherit;\">A efectes del previst a la LOPD,<\/span><\/span><b><u><span style=\"vertical-align: inherit;\"><span style=\"vertical-align: inherit;\"> ADMIRA INTERIORS<\/span><\/span><\/u><\/b><span style=\"vertical-align: inherit;\"><span style=\"vertical-align: inherit;\"> us informa que les dades que volunt\u00e0riament ens est\u00e0 facilitant seran incorporades als nostres sistemes d&#8217;informaci\u00f3 per tal de realitzar les gestions comercials i administratives necess\u00e0ries amb els usuaris de la web; Les operacions previstes per realitzar els tractaments s\u00f3n els seg\u00fcents: respondre les consultes i\/o proporcionar informacions requerides per l&#8217;Usuari; fer les prestacions de serveis i\/o productes contractats o subscrits per l&#8217;Usuari; realitzar totes aquelles activitats pr\u00f2pies d&#8217;<\/span><\/span><b><u><span style=\"vertical-align: inherit;\"><span style=\"vertical-align: inherit;\"> ADMIRA INTERIORS<\/span><\/span><\/u><\/b><span style=\"vertical-align: inherit;\"><span style=\"vertical-align: inherit;\"> pel present av\u00eds legal ressenyades. i remetre el butllet\u00ed de not\u00edcies de la p\u00e0gina web.<\/span><\/span><br \/>\n<span style=\"vertical-align: inherit;\"><span style=\"vertical-align: inherit;\">El signant garanteix la veracitat de les dades aportades i es compromet a comunicar qualsevol canvi que s&#8217;hi produeixi.<\/span><\/span><br \/>\n<span style=\"vertical-align: inherit;\"><span style=\"vertical-align: inherit;\">El Prestador, mitjan\u00e7ant asterisc (*) a les caselles corresponents del formulari de contacte, us informa d&#8217;aquesta obligatorietat a l&#8217;Usuari, indicant quines dades s\u00f3n necess\u00e0ries. Mitjan\u00e7ant la indicaci\u00f3 i introducci\u00f3 de les dades, l&#8217;Usuari atorga el consentiment inequ\u00edvoc a<\/span><\/span><b><u><span style=\"vertical-align: inherit;\"><span style=\"vertical-align: inherit;\"> ADMIRA INTERIORS<\/span><\/span><\/u><\/b><span style=\"vertical-align: inherit;\"><span style=\"vertical-align: inherit;\"> per procedir al tractament de les dades facilitades en pro de les finalitats esmentades.<\/span><\/span><br \/>\n<span style=\"vertical-align: inherit;\"><span style=\"vertical-align: inherit;\">No facilitar les dades personals sol\u00b7licitades o no acceptar aquesta pol\u00edtica de protecci\u00f3 de dades suposa la impossibilitat de subscriure&#8217;s, registrar-se o rebre informaci\u00f3 dels productes i serveis del prestador.<\/span><\/span><br \/>\n<span style=\"vertical-align: inherit;\"><span style=\"vertical-align: inherit;\">De conformitat amb el que disposen les normatives vigents en protecci\u00f3 de dades personals, el prestador est\u00e0 complint amb totes les disposicions de les normatives RGPD i LOPD per al tractament de les dades personals de la seva responsabilitat, i manifestament amb els principis descrits a l&#8217;art. 5 del RGPD ia l&#8217;art. 4 de la LOPD, pels quals s\u00f3n tractats de forma l\u00edcita, lleial i transparent en relaci\u00f3 amb linteressat i adequades, pertinents i limitats al necessari en relaci\u00f3 amb els fins per als quals s\u00f3n tractats.<\/span><\/span><br \/>\n<span style=\"vertical-align: inherit;\"><span style=\"vertical-align: inherit;\">El Responsable garanteix que ha implementat pol\u00edtiques t\u00e8cniques i organitzatives apropiades per aplicar les mesures de seguretat establertes pel RGPD i la LOPD per protegir els drets i les llibertats dels Usuaris. <\/span><\/span><br \/>\n<span style=\"vertical-align: inherit;\"><span style=\"vertical-align: inherit;\">D&#8217;acord amb aquestes normatives, doncs, us informem que teniu dret a sol\u00b7licitar l&#8217;acc\u00e9s, rectificaci\u00f3, portabilitat i supressi\u00f3 de les vostres dades i la limitaci\u00f3 i oposici\u00f3 al vostre tractament dirigint-vos a PL. del Jutge, s\/n, enviant un correu electr\u00f2nic a <\/span><\/span><b><u><span style=\"vertical-align: inherit;\"><span style=\"vertical-align: inherit;\">hola@admirainteriors.com<\/span><\/span><\/u><\/b><span style=\"vertical-align: inherit;\"><span style=\"vertical-align: inherit;\"> , , indicant com a Assumpte: \u201cLOPD, Drets ARCO\u201d, i adjuntant fotoc\u00f2pia del seu DNI o qualsevol mitj\u00e0 an\u00e0leg en dret, tal com indica la llei. Teniu dret a retirar el consentiment prestat en qualsevol moment. La retirada del consentiment no afecta la licitud del tractament efectuat abans de la retirada del consentiment. Tamb\u00e9 t\u00e9 dret a presentar una reclamaci\u00f3 davant l&#8217;autoritat de control si considera que els seus drets s&#8217;han vist vulnerats en relaci\u00f3 amb la protecci\u00f3 de les seves dades (agpd.es).<\/span><\/span><\/p>\n<\/div>\n<div>\n<h3><b><span style=\"vertical-align: inherit;\"><span style=\"vertical-align: inherit;\">CONFIDENCIALITAT i CESSI\u00d3 DE DADES A TERCERS<\/span><\/span><\/b><\/h3>\n<p><span style=\"vertical-align: inherit;\"><span style=\"vertical-align: inherit;\">Les dades que ens faciliti es tractaran de manera confidencial. El prestador ha adoptat totes les mesures t\u00e8cniques i organitzatives i tots els nivells de protecci\u00f3 necessaris per garantir la seguretat en el tractament de les dades i evitar la seva alteraci\u00f3, p\u00e8rdua, robatori, tractament o acc\u00e9s no autoritzat, at\u00e8s l&#8217;estat de la tecnologia i la natura de les dades emmagatzemades. Aix\u00ed mateix. es garanteix tamb\u00e9 que el tractament i registre en fitxers, programes, sistemes o equips, locals i centres compleixen amb els requisits i condicions d&#8217;integritat i seguretat establerts a la normativa vigent. <\/span><\/span><br \/>\n<b><u><span style=\"vertical-align: inherit;\"><span style=\"vertical-align: inherit;\">ADMIRA INTERIORS<\/span><\/span><\/u><\/b><span style=\"vertical-align: inherit;\"><span style=\"vertical-align: inherit;\"> no cedir\u00e0 les dades personals a tercers, excepte per obligaci\u00f3 legal No obstant, en cas de ser cedits a algun tercer es produiria una informaci\u00f3 pr\u00e8via sol\u00b7licitant el consentiment expr\u00e9s per a aquesta cessi\u00f3. L&#8217;entitat responsable de la base de dades, aix\u00ed com els que intervinguin en qualsevol fase del tractament i\/o les entitats a qu\u00e8 se&#8217;ls hagi comunicat -en tot cas sempre amb la corresponent autoritzaci\u00f3 atorgada per l&#8217;usuari-, estan obligades a observar el secret professional ia l&#8217;adopci\u00f3 dels nivells de protecci\u00f3 i les mesures t\u00e8cniques i organitzatives necess\u00e0ries al seu abast per garantir la seguretat de les dades de car\u00e0cter personal, evitant, en la mesura que sigui possible, accessos no autoritzats, modificacions i l\u00edcites, sostraccions i\/o la p\u00e8rdua de les dades, a fi de procurar el corresponent nivell de seguretat dels fitxers del prestador, segons la naturalesa i sensibilitat de les dades facilitades pels usuaris del present Lloc web.<\/span><\/span><\/p>\n<\/div>\n<div>\n<h3><b><span style=\"vertical-align: inherit;\"><span style=\"vertical-align: inherit;\">ACCEPTACI\u00d3 I CONSENTIMENT<\/span><\/span><\/b><\/h3>\n<p>El Usuario declara haber sido informado de las condiciones sobre protecci\u00f3n de datos de car\u00e1cter personal, aceptando y consintiendo el tratamiento automatizado de los mismos por parte de <b><u>ADMIRA INTERIORS<\/u><\/b>. en la forma y para los fines indicados en la presente Pol\u00edtica de Protecci\u00f3n de Datos Personales.<br \/>\nPor tanto, al utilizar este formulario para contactar con <b><u>ADMIRA INTERIORS<\/u><\/b>.,est\u00e1 autorizando expresamente la utilizaci\u00f3n de sus datos para el env\u00edo de comunicaciones comerciales, por cualquier medio (incluyendo correo electr\u00f3nico), pudiendo anular esta autorizaci\u00f3n cuando lo desee , dirigi\u00e9ndose a <b><u>ADMIRA INTERIORS<\/u><\/b>. a trav\u00e9s de los medios establecidos.<br \/>\nA trav\u00e9s de esta Pol\u00edtica de Privacidad le informamos que las fotograf\u00edas que est\u00e9n colgadas en la web son propiedad de ADMIRA INTERIORS , incluyendo las de los menores, en las que, para la obtenci\u00f3n de \u00e9stas, se ha obtenido el consentimiento previo de los padres, tutores o representantes legales mediante la firma de los formularios realizados al efecto por los centros en los que los menores forman parte. Sin embargo, los padres, tutores o representantes de los menores, como titulares del ejercicio de los derechos de \u00e9stos, y siempre previo requerimiento formal por escrito, pueden indicar la negativa al uso de la imagen del menor; en este caso, la imagen se mostrar\u00e1 pixelada.<\/p>\n<\/div>\n<div>\n<h3><b>EXACTITUD Y VERACIDAD DE LOS DATOS<\/b><\/h3>\n<p>El usuario es el \u00fanico responsable de la veracidad y correcci\u00f3n de los datos que remita a <b><u>ADMIRA INTERIORS<\/u><\/b>, exonerando al Prestador de cualquier responsabilidad al respecto. Los usuarios garantizan y responden, en cualquier caso, de la exactitud, vigencia y autenticidad de los datos personales facilitados, comprometi\u00e9ndose a mantenerlos debidamente actualizados. El usuario acepta proporcionar informaci\u00f3n completa y correcta en el formulario de registro o suscripci\u00f3n.<\/p>\n<\/div>\n<div>\n<h3><b>CONTENIDO DE LA WEB Y ENLACES (LINKS)<\/b><\/h3>\n<p><b><u>ADMIRA INTERIORS<\/u><\/b>. se reserva el derecho a actualizar, modificar o eliminar la informaci\u00f3n contenida en la web, pudiendo incluso limitar o no permitir el acceso a la informaci\u00f3n.<br \/>\n<b><u>ADMIRA INTERIORS<\/u><\/b>. no asume ning\u00fan tipo de responsabilidad por la informaci\u00f3n contenida en las Webs de terceros a las que se pueda acceder por los &#8220;links&#8221; o enlaces desde cualquier p\u00e1gina Web propiedad del prestamista. La presencia de &#8220;links&#8221; o enlaces s\u00f3lo tienen finalidad informativa y en ning\u00fan caso supone ninguna sugerencia, invitaci\u00f3n o reconocimiento sobre los mismos.<\/p>\n<\/div>\n<div>\n<h3><b>ENV\u00cdO CV<\/b><\/h3>\n<p>En caso de que el usuario env\u00ede su CV a trav\u00e9s de nuestra web, le informamos que los datos aportados ser\u00e1n tratados para hacerlo part\u00edcipe de los procesos de selecci\u00f3n que pueda haber, llevando a cabo un an\u00e1lisis del perfil del solicitante con el objetivo de seleccionar al mejor candidato para el puesto vacante del Responsable. Le informamos que \u00e9ste es el \u00fanico procedimiento oficial para aceptar su curr\u00edculo, por lo que no se aceptar\u00e1n los curr\u00edculos remitidos por otro procedimiento distinto. En caso de producirse alguna modificaci\u00f3n en los datos, le rogamos nos lo comunique por escrito lo antes posible, a fin de mantener sus datos debidamente actualizados.<br \/>\nLos datos se conservar\u00e1n durante un plazo m\u00e1ximo de un a\u00f1o, transcurrido el cual se proceder\u00e1 a la supresi\u00f3n de los datos garantiz\u00e1ndole un total respecto a la confidencialidad tanto en el tratamiento como en su posterior destrucci\u00f3n. En este sentido, transcurrido dicho plazo, y si desea continuar participando en los procesos de selecci\u00f3n del Responsable, le rogamos nos remita nuevamente su curr\u00edculo.<br \/>\nLos datos se podr\u00e1n tratar y\/o comunicar a las empresas integrantes de nuestro grupo durante el tiempo de conservaci\u00f3n de su curr\u00edculum y para los mismos hasta antes informados.<\/p>\n<\/div>\n<div>\n<h3><b>SUSCRIPCI\u00d3N EN EL BLOG DE EMPRESA<\/b><\/h3>\n<p>En caso de que el usuario se suscriba en el blog, le informamos que los datos aportados ser\u00e1n tratados para gestionar su suscripci\u00f3n al blog informativo con aviso de actualizaci\u00f3n y que se conservar\u00e1n mientras haya un inter\u00e9s mutuo por mantener el fin del tratamiento. Cuando ya no sea necesario para tal fin, se suprimir\u00e1n con medidas de seguridad adecuadas para garantizar la sudonimizaci\u00f3n de los datos o destrucci\u00f3n total de los mismos. No se comunicar\u00e1n los datos a terceros, salvo obligaci\u00f3n legal.<\/p>\n<\/div>\n<div>\n<h3><b>PARTICIPACI\u00d3N EN FOROS <\/b><\/h3>\n<p>En caso de que el usuario quiera participar en los foros de la web, le informamos que los datos aportados ser\u00e1n tratados para regular la participaci\u00f3n en el mismo. Cualquier registro o transmisi\u00f3n de datos personales que el usuario de este foro facilite supone el conocimiento y aceptaci\u00f3n inequ\u00edvoco del Aviso Legal y la Pol\u00edtica de Privacidad expuestos en la p\u00e1gina web. Los datos se conservar\u00e1n mientras exista un inter\u00e9s mutuo por mantener el fin del tratamiento y cuando ya no sea necesario para tal fin, se suprimir\u00e1n con medidas de seguridad adecuadas para garantizar la sudonimizaci\u00f3n de los datos o destrucci\u00f3n total de los mismos. Las publicaciones se mostrar\u00e1n p\u00fablicamente a los usuarios del foro online.<\/p>\n<\/div>\n<div>\n<h3><b>PUBLICACI\u00d3N DE SU TESTIMONIO<\/b><\/h3>\n<p><span style=\"vertical-align: inherit;\"><span style=\"vertical-align: inherit;\">En cas que l&#8217;usuari vulgui publicar la seva opini\u00f3 a la web, us informem que les dades aportades seran tractades seran per atendre els suggeriments proposats, experi\u00e8ncies o opinions respecte dels productes i\/o serveis per ser publicats a la p\u00e0gina web i aix\u00ed poder ajudar altres usuaris. Les dades es conservaran mentre hi hagi un inter\u00e8s mutu per mantenir la fi del tractament i quan ja no sigui necessari per a aquesta finalitat, se suprimiran amb mesures de seguretat adequades per garantir la sudonimitzaci\u00f3 de les dades o destrucci\u00f3 total d&#8217;aquestes. Els testimonis es publicaran a la nostra p\u00e0gina web. L\u00fanica dada personal que es publicar\u00e0 del testimoni ser\u00e0 el seu nom.<\/span><\/span><\/p>\n<\/div>\n<div>\n<h3><b><span style=\"vertical-align: inherit;\"><span style=\"vertical-align: inherit;\">CANVIS A LA PRESENT POL\u00cdTICA DE PRIVACITAT<\/span><\/span><\/b><\/h3>\n<p><b><u><span style=\"vertical-align: inherit;\"><span style=\"vertical-align: inherit;\">ADMIRA INTERIORS<\/span><\/span><\/u><\/b><span style=\"vertical-align: inherit;\"><span style=\"vertical-align: inherit;\"> es reserva el dret a modificar aquesta pol\u00edtica per adaptar-la a novetats legislatives o jurisprudencials.<\/span><\/span><\/p>\n<\/div>\n<div>\n<h3><b><span style=\"vertical-align: inherit;\"><span style=\"vertical-align: inherit;\">CORREUS COMERCIALS<\/span><\/span><\/b><\/h3>\n<div>\n<p><b><span style=\"vertical-align: inherit;\"><span style=\"vertical-align: inherit;\">D&#8217;acord amb la LSSICE, <\/span><\/span><b><u><span style=\"vertical-align: inherit;\"><span style=\"vertical-align: inherit;\">ADMIRA INTERIORS<\/span><\/span><\/u><\/b><span style=\"vertical-align: inherit;\"><span style=\"vertical-align: inherit;\"> no fa pr\u00e0ctiques de SPAM, per tant, no envia correus comercials per correu electr\u00f2nic que no hagin estat pr\u00e8viament sol\u00b7licitats o autoritzats per l&#8217;Usuari. En conseq\u00fc\u00e8ncia, a cadascun dels formularis de la P\u00e0gina Web, l&#8217;Usuari t\u00e9 la possibilitat de donar el seu consentiment expr\u00e9s per rebre el nostre Butllet\u00ed, amb independ\u00e8ncia de la informaci\u00f3 comercial puntualment sol\u00b7licitada.<\/span><\/span><\/b><\/p>\n<\/div>\n<div>\n<h3><b><span style=\"vertical-align: inherit;\"><span style=\"vertical-align: inherit;\">LEGISLACI\u00d3<\/span><\/span><\/b><\/h3>\n<p><span style=\"vertical-align: inherit;\"><span style=\"vertical-align: inherit;\">A tots els efectes les relacions entre <\/span><\/span><b><u><span style=\"vertical-align: inherit;\"><span style=\"vertical-align: inherit;\">ADMIRA INTERIORS<\/span><\/span><\/u><\/b><span style=\"vertical-align: inherit;\"><span style=\"vertical-align: inherit;\"> amb els Usuaris dels seus serveis telem\u00e0tics, presents en aquesta Web, estan sotmesos a la legislaci\u00f3 i jurisdicci\u00f3 espanyoles a qu\u00e8 se sotmeten expressament les parts, sent competents per a la resoluci\u00f3 de tots els conflictes derivats o relacionats amb el seu \u00fas els jutjats i els tribunals de Lleida.<\/span><\/span><\/p>\n<\/div>\n<\/div>\n<\/div>\n<\/div><\/div><\/div><\/div><\/div>\n","protected":false},"excerpt":{"rendered":"","protected":false},"author":1,"featured_media":0,"parent":0,"menu_order":0,"comment_status":"closed","ping_status":"closed","template":"100-width.php","meta":{"_joinchat":[],"footnotes":""},"class_list":["post-4574","page","type-page","status-publish","hentry"],"yoast_head":"<!-- This site is optimized with the Yoast SEO plugin v22.1 - https:\/\/yoast.com\/wordpress\/plugins\/seo\/ -->\n<title>Pol\u00edtica de Privacitat - Admira Interiors<\/title>\n<meta name=\"robots\" content=\"index, follow, max-snippet:-1, max-image-preview:large, max-video-preview:-1\" \/>\n<link rel=\"canonical\" href=\"https:\/\/admirainteriors.com\/ca\/politica-privacitat\/\" \/>\n<meta property=\"og:locale\" content=\"ca_ES\" \/>\n<meta property=\"og:type\" content=\"article\" \/>\n<meta property=\"og:title\" content=\"Pol\u00edtica de Privacitat - Admira Interiors\" \/>\n<meta property=\"og:url\" content=\"https:\/\/admirainteriors.com\/ca\/politica-privacitat\/\" \/>\n<meta property=\"og:site_name\" content=\"Admira Interiors\" \/>\n<meta property=\"article:modified_time\" content=\"2024-04-04T12:04:54+00:00\" \/>\n<meta name=\"twitter:card\" content=\"summary_large_image\" \/>\n<meta name=\"twitter:label1\" content=\"Temps estimat de lectura\" \/>\n\t<meta name=\"twitter:data1\" content=\"10 minuts\" \/>\n<script type=\"application\/ld+json\" class=\"yoast-schema-graph\">{\"@context\":\"https:\/\/schema.org\",\"@graph\":[{\"@type\":\"WebPage\",\"@id\":\"https:\/\/admirainteriors.com\/ca\/politica-privacitat\/\",\"url\":\"https:\/\/admirainteriors.com\/ca\/politica-privacitat\/\",\"name\":\"Pol\u00edtica de Privacitat - Admira Interiors\",\"isPartOf\":{\"@id\":\"https:\/\/admirainteriors.com\/#website\"},\"datePublished\":\"2024-01-24T17:16:42+00:00\",\"dateModified\":\"2024-04-04T12:04:54+00:00\",\"breadcrumb\":{\"@id\":\"https:\/\/admirainteriors.com\/ca\/politica-privacitat\/#breadcrumb\"},\"inLanguage\":\"ca\",\"potentialAction\":[{\"@type\":\"ReadAction\",\"target\":[\"https:\/\/admirainteriors.com\/ca\/politica-privacitat\/\"]}]},{\"@type\":\"BreadcrumbList\",\"@id\":\"https:\/\/admirainteriors.com\/ca\/politica-privacitat\/#breadcrumb\",\"itemListElement\":[{\"@type\":\"ListItem\",\"position\":1,\"name\":\"Portada\",\"item\":\"https:\/\/admirainteriors.com\/ca\/inicio-cloned\/\"},{\"@type\":\"ListItem\",\"position\":2,\"name\":\"Pol\u00edtica de Privacitat\"}]},{\"@type\":\"WebSite\",\"@id\":\"https:\/\/admirainteriors.com\/#website\",\"url\":\"https:\/\/admirainteriors.com\/\",\"name\":\"Admira Interiors\",\"description\":\"Interiorismo, Homestaging, venta y alquiler de pisos\",\"potentialAction\":[{\"@type\":\"SearchAction\",\"target\":{\"@type\":\"EntryPoint\",\"urlTemplate\":\"https:\/\/admirainteriors.com\/?s={search_term_string}\"},\"query-input\":\"required name=search_term_string\"}],\"inLanguage\":\"ca\"}]}<\/script>\n<!-- \/ Yoast SEO plugin. -->","yoast_head_json":{"title":"Pol\u00edtica de Privacitat - Admira Interiors","robots":{"index":"index","follow":"follow","max-snippet":"max-snippet:-1","max-image-preview":"max-image-preview:large","max-video-preview":"max-video-preview:-1"},"canonical":"https:\/\/admirainteriors.com\/ca\/politica-privacitat\/","og_locale":"ca_ES","og_type":"article","og_title":"Pol\u00edtica de Privacitat - Admira Interiors","og_url":"https:\/\/admirainteriors.com\/ca\/politica-privacitat\/","og_site_name":"Admira Interiors","article_modified_time":"2024-04-04T12:04:54+00:00","twitter_card":"summary_large_image","twitter_misc":{"Temps estimat de lectura":"10 minuts"},"schema":{"@context":"https:\/\/schema.org","@graph":[{"@type":"WebPage","@id":"https:\/\/admirainteriors.com\/ca\/politica-privacitat\/","url":"https:\/\/admirainteriors.com\/ca\/politica-privacitat\/","name":"Pol\u00edtica de Privacitat - Admira Interiors","isPartOf":{"@id":"https:\/\/admirainteriors.com\/#website"},"datePublished":"2024-01-24T17:16:42+00:00","dateModified":"2024-04-04T12:04:54+00:00","breadcrumb":{"@id":"https:\/\/admirainteriors.com\/ca\/politica-privacitat\/#breadcrumb"},"inLanguage":"ca","potentialAction":[{"@type":"ReadAction","target":["https:\/\/admirainteriors.com\/ca\/politica-privacitat\/"]}]},{"@type":"BreadcrumbList","@id":"https:\/\/admirainteriors.com\/ca\/politica-privacitat\/#breadcrumb","itemListElement":[{"@type":"ListItem","position":1,"name":"Portada","item":"https:\/\/admirainteriors.com\/ca\/inicio-cloned\/"},{"@type":"ListItem","position":2,"name":"Pol\u00edtica de Privacitat"}]},{"@type":"WebSite","@id":"https:\/\/admirainteriors.com\/#website","url":"https:\/\/admirainteriors.com\/","name":"Admira Interiors","description":"Interiorismo, Homestaging, venta y alquiler de pisos","potentialAction":[{"@type":"SearchAction","target":{"@type":"EntryPoint","urlTemplate":"https:\/\/admirainteriors.com\/?s={search_term_string}"},"query-input":"required name=search_term_string"}],"inLanguage":"ca"}]}},"_links":{"self":[{"href":"https:\/\/admirainteriors.com\/ca\/wp-json\/wp\/v2\/pages\/4574","targetHints":{"allow":["GET"]}}],"collection":[{"href":"https:\/\/admirainteriors.com\/ca\/wp-json\/wp\/v2\/pages"}],"about":[{"href":"https:\/\/admirainteriors.com\/ca\/wp-json\/wp\/v2\/types\/page"}],"author":[{"embeddable":true,"href":"https:\/\/admirainteriors.com\/ca\/wp-json\/wp\/v2\/users\/1"}],"replies":[{"embeddable":true,"href":"https:\/\/admirainteriors.com\/ca\/wp-json\/wp\/v2\/comments?post=4574"}],"version-history":[{"count":1,"href":"https:\/\/admirainteriors.com\/ca\/wp-json\/wp\/v2\/pages\/4574\/revisions"}],"predecessor-version":[{"id":4575,"href":"https:\/\/admirainteriors.com\/ca\/wp-json\/wp\/v2\/pages\/4574\/revisions\/4575"}],"wp:attachment":[{"href":"https:\/\/admirainteriors.com\/ca\/wp-json\/wp\/v2\/media?parent=4574"}],"curies":[{"name":"wp","href":"https:\/\/api.w.org\/{rel}","templated":true}]}}